{"id":53,"date":"2024-11-13T22:39:00","date_gmt":"2024-11-13T21:39:00","guid":{"rendered":"https:\/\/www.siobungee.hu\/?page_id=53"},"modified":"2024-12-09T21:21:17","modified_gmt":"2024-12-09T20:21:17","slug":"galeria","status":"publish","type":"page","link":"https:\/\/www.siobungee.hu\/?page_id=53","title":{"rendered":"K\u00e9pek a szerkezetr\u0151l"},"content":{"rendered":"\n<div class=\"wp-block-group alignfull is-layout-constrained wp-block-group-is-layout-constrained\" style=\"margin-top:0;margin-bottom:0;padding-top:var(--wp--preset--spacing--50);padding-bottom:var(--wp--preset--spacing--50)\">\n<div class=\"wp-block-columns alignwide is-layout-flex wp-container-core-columns-is-layout-1 wp-block-columns-is-layout-flex\">\n<div class=\"wp-block-column is-layout-flow wp-block-column-is-layout-flow\" style=\"flex-basis:56%\">\n<figure class=\"wp-block-image size-full has-custom-border\"><img loading=\"lazy\" decoding=\"async\" width=\"1000\" height=\"666\" src=\"https:\/\/www.siobungee.hu\/wp-content\/uploads\/2024\/11\/big_image_0_12835700_1524473696.jpg\" alt=\"\" class=\"wp-image-98\" style=\"border-style:none;border-width:0px;border-radius:31px;aspect-ratio:1;object-fit:cover\" srcset=\"https:\/\/www.siobungee.hu\/wp-content\/uploads\/2024\/11\/big_image_0_12835700_1524473696.jpg 1000w, https:\/\/www.siobungee.hu\/wp-content\/uploads\/2024\/11\/big_image_0_12835700_1524473696-300x200.jpg 300w, https:\/\/www.siobungee.hu\/wp-content\/uploads\/2024\/11\/big_image_0_12835700_1524473696-768x511.jpg 768w\" sizes=\"auto, (max-width: 1000px) 100vw, 1000px\" \/><\/figure>\n<\/div>\n\n\n\n<div class=\"wp-block-column is-vertically-aligned-center is-layout-flow wp-container-core-column-is-layout-2 wp-block-column-is-layout-flow\">\n<h2 class=\"wp-block-heading\">#\u00c9lm\u00e9nyek<\/h2>\n\n\n\n<p>Sz\u00e1munka a biztons\u00e1g \u00e9s  gyerekek sz\u00f3rakoz\u00e1s az els\u0151.<\/p>\n\n\n\n<div class=\"wp-block-buttons is-layout-flex wp-block-buttons-is-layout-flex\">\n<div class=\"wp-block-button\"><a class=\"wp-block-button__link wp-element-button\" href=\"https:\/\/www.siobungee.hu\/?page_id=55\">R\u00f3lunk <\/a><\/div>\n<\/div>\n<\/div>\n<\/div>\n<\/div>\n\n\n\n<div class=\"wp-block-group alignfull is-layout-constrained wp-block-group-is-layout-constrained\" style=\"margin-top:0;margin-bottom:0;padding-top:var(--wp--preset--spacing--50);padding-bottom:var(--wp--preset--spacing--50)\">\n<div class=\"wp-block-group alignwide is-layout-grid wp-container-core-group-is-layout-6 wp-block-group-is-layout-grid\">\n<div class=\"wp-block-group is-vertical is-layout-flex wp-container-core-group-is-layout-2 wp-block-group-is-layout-flex\">\n<h2 class=\"wp-block-heading has-x-large-font-size\"><\/h2>\n<\/div>\n\n\n\n<div class=\"wp-block-group is-vertical is-content-justification-stretch is-layout-flex wp-container-core-group-is-layout-3 wp-block-group-is-layout-flex\">\n<div class=\"wp-block-cover\" style=\"min-height:429px;aspect-ratio:unset;\"><span aria-hidden=\"true\" class=\"wp-block-cover__background has-background-dim-0 has-background-dim\" style=\"background-color:#833d3a\"><\/span><img loading=\"lazy\" decoding=\"async\" width=\"1536\" height=\"2048\" class=\"wp-block-cover__image-background wp-image-60\" alt=\"\" src=\"https:\/\/www.siobungee.hu\/wp-content\/uploads\/2024\/11\/1000002857.jpg\" data-object-fit=\"cover\" srcset=\"https:\/\/www.siobungee.hu\/wp-content\/uploads\/2024\/11\/1000002857.jpg 1536w, https:\/\/www.siobungee.hu\/wp-content\/uploads\/2024\/11\/1000002857-225x300.jpg 225w, https:\/\/www.siobungee.hu\/wp-content\/uploads\/2024\/11\/1000002857-768x1024.jpg 768w, https:\/\/www.siobungee.hu\/wp-content\/uploads\/2024\/11\/1000002857-1152x1536.jpg 1152w\" sizes=\"auto, (max-width: 1536px) 100vw, 1536px\" \/><div class=\"wp-block-cover__inner-container is-layout-constrained wp-block-cover-is-layout-constrained\">\n<div style=\"height:var(--wp--preset--spacing--20)\" aria-hidden=\"true\" class=\"wp-block-spacer\"><\/div>\n<\/div><\/div>\n\n\n\n<p class=\"has-text-align-center\">Z\u00e1rt t\u00e9rben<\/p>\n<\/div>\n\n\n\n<div class=\"wp-block-group is-vertical is-content-justification-stretch is-layout-flex wp-container-core-group-is-layout-4 wp-block-group-is-layout-flex\">\n<div class=\"wp-block-cover\" style=\"min-height:558px;aspect-ratio:unset;\"><span aria-hidden=\"true\" class=\"wp-block-cover__background has-background-dim-0 has-background-dim\" style=\"background-color:#828282\"><\/span><img loading=\"lazy\" decoding=\"async\" width=\"1536\" height=\"2048\" class=\"wp-block-cover__image-background wp-image-30\" alt=\"\" src=\"https:\/\/www.siobungee.hu\/wp-content\/uploads\/2024\/11\/IMG_3136.jpg\" data-object-fit=\"cover\" srcset=\"https:\/\/www.siobungee.hu\/wp-content\/uploads\/2024\/11\/IMG_3136.jpg 1536w, https:\/\/www.siobungee.hu\/wp-content\/uploads\/2024\/11\/IMG_3136-225x300.jpg 225w, https:\/\/www.siobungee.hu\/wp-content\/uploads\/2024\/11\/IMG_3136-768x1024.jpg 768w, https:\/\/www.siobungee.hu\/wp-content\/uploads\/2024\/11\/IMG_3136-1152x1536.jpg 1152w\" sizes=\"auto, (max-width: 1536px) 100vw, 1536px\" \/><div class=\"wp-block-cover__inner-container is-layout-constrained wp-block-cover-is-layout-constrained\">\n<div style=\"height:var(--wp--preset--spacing--20)\" aria-hidden=\"true\" class=\"wp-block-spacer\"><\/div>\n<\/div><\/div>\n\n\n\n<p class=\"has-text-align-center\">Szalt\u00f3z\u00e1s k\u00f6zben<\/p>\n<\/div>\n\n\n\n<div class=\"wp-block-group is-vertical is-content-justification-stretch is-layout-flex wp-container-core-group-is-layout-5 wp-block-group-is-layout-flex\">\n<div class=\"wp-block-cover is-light\" style=\"min-height:305px;aspect-ratio:unset;\"><span aria-hidden=\"true\" class=\"wp-block-cover__background has-background-dim-0 has-background-dim\" style=\"background-color:#d6bc98\"><\/span><img loading=\"lazy\" decoding=\"async\" width=\"2048\" height=\"1536\" class=\"wp-block-cover__image-background wp-image-85\" alt=\"\" src=\"https:\/\/www.siobungee.hu\/wp-content\/uploads\/2024\/11\/IMG_3288-1.jpg\" data-object-fit=\"cover\" srcset=\"https:\/\/www.siobungee.hu\/wp-content\/uploads\/2024\/11\/IMG_3288-1.jpg 2048w, https:\/\/www.siobungee.hu\/wp-content\/uploads\/2024\/11\/IMG_3288-1-300x225.jpg 300w, https:\/\/www.siobungee.hu\/wp-content\/uploads\/2024\/11\/IMG_3288-1-1024x768.jpg 1024w, https:\/\/www.siobungee.hu\/wp-content\/uploads\/2024\/11\/IMG_3288-1-768x576.jpg 768w, https:\/\/www.siobungee.hu\/wp-content\/uploads\/2024\/11\/IMG_3288-1-1536x1152.jpg 1536w\" sizes=\"auto, (max-width: 2048px) 100vw, 2048px\" \/><div class=\"wp-block-cover__inner-container is-layout-constrained wp-block-cover-is-layout-constrained\">\n<div style=\"height:var(--wp--preset--spacing--20)\" aria-hidden=\"true\" class=\"wp-block-spacer\"><\/div>\n<\/div><\/div>\n\n\n\n<p class=\"has-text-align-center\">Egy gyereknapon<\/p>\n<\/div>\n<\/div>\n<\/div>\n\n\n\n<div class=\"wp-block-group alignfull is-layout-constrained wp-block-group-is-layout-constrained\" style=\"margin-top:0;margin-bottom:0;padding-top:var(--wp--preset--spacing--50);padding-bottom:var(--wp--preset--spacing--50)\">\n<div class=\"wp-block-group alignwide is-layout-grid wp-container-core-group-is-layout-10 wp-block-group-is-layout-grid\">\n<div class=\"wp-block-group is-style-section-3 is-layout-constrained wp-block-group-is-layout-constrained\" style=\"min-height:297px\">\n<div class=\"wp-block-group is-vertical is-content-justification-center is-layout-flex wp-container-core-group-is-layout-8 wp-block-group-is-layout-flex\" style=\"min-height:100%\">\n<h2 class=\"wp-block-heading has-large-font-size\">Tov\u00e1bbi k\u00e9pek<\/h2>\n\n\n\n<p class=\"has-text-align-center has-medium-font-size\"><\/p>\n<\/div>\n<\/div>\n\n\n\n<figure class=\"wp-block-image size-full\"><img loading=\"lazy\" decoding=\"async\" width=\"1536\" height=\"2048\" src=\"https:\/\/www.siobungee.hu\/wp-content\/uploads\/2024\/11\/1000002421.jpg\" alt=\"\" class=\"wp-image-59\" style=\"aspect-ratio:1;object-fit:cover\" srcset=\"https:\/\/www.siobungee.hu\/wp-content\/uploads\/2024\/11\/1000002421.jpg 1536w, https:\/\/www.siobungee.hu\/wp-content\/uploads\/2024\/11\/1000002421-225x300.jpg 225w, https:\/\/www.siobungee.hu\/wp-content\/uploads\/2024\/11\/1000002421-768x1024.jpg 768w, https:\/\/www.siobungee.hu\/wp-content\/uploads\/2024\/11\/1000002421-1152x1536.jpg 1152w\" sizes=\"auto, (max-width: 1536px) 100vw, 1536px\" \/><\/figure>\n\n\n\n<figure class=\"wp-block-image size-full\"><img loading=\"lazy\" decoding=\"async\" width=\"1928\" height=\"912\" src=\"https:\/\/www.siobungee.hu\/wp-content\/uploads\/2024\/11\/1000002415.jpg\" alt=\"\" class=\"wp-image-97\" style=\"aspect-ratio:1;object-fit:cover\" srcset=\"https:\/\/www.siobungee.hu\/wp-content\/uploads\/2024\/11\/1000002415.jpg 1928w, https:\/\/www.siobungee.hu\/wp-content\/uploads\/2024\/11\/1000002415-300x142.jpg 300w, https:\/\/www.siobungee.hu\/wp-content\/uploads\/2024\/11\/1000002415-1024x484.jpg 1024w, https:\/\/www.siobungee.hu\/wp-content\/uploads\/2024\/11\/1000002415-768x363.jpg 768w, https:\/\/www.siobungee.hu\/wp-content\/uploads\/2024\/11\/1000002415-1536x727.jpg 1536w\" sizes=\"auto, (max-width: 1928px) 100vw, 1928px\" \/><\/figure>\n\n\n\n<figure class=\"wp-block-image size-full\"><img loading=\"lazy\" decoding=\"async\" width=\"2048\" height=\"1365\" src=\"https:\/\/www.siobungee.hu\/wp-content\/uploads\/2024\/11\/IMG_7117.jpg\" alt=\"\" class=\"wp-image-126\" style=\"aspect-ratio:1;object-fit:cover\" srcset=\"https:\/\/www.siobungee.hu\/wp-content\/uploads\/2024\/11\/IMG_7117.jpg 2048w, https:\/\/www.siobungee.hu\/wp-content\/uploads\/2024\/11\/IMG_7117-300x200.jpg 300w, https:\/\/www.siobungee.hu\/wp-content\/uploads\/2024\/11\/IMG_7117-1024x683.jpg 1024w, https:\/\/www.siobungee.hu\/wp-content\/uploads\/2024\/11\/IMG_7117-768x512.jpg 768w, https:\/\/www.siobungee.hu\/wp-content\/uploads\/2024\/11\/IMG_7117-1536x1024.jpg 1536w\" sizes=\"auto, (max-width: 2048px) 100vw, 2048px\" \/><\/figure>\n\n\n\n<figure class=\"wp-block-image size-full wp-container-content-1\"><img loading=\"lazy\" decoding=\"async\" width=\"2048\" height=\"1365\" src=\"https:\/\/www.siobungee.hu\/wp-content\/uploads\/2024\/11\/IMG_7116.jpg\" alt=\"\" class=\"wp-image-125\" style=\"aspect-ratio:1;object-fit:cover\" srcset=\"https:\/\/www.siobungee.hu\/wp-content\/uploads\/2024\/11\/IMG_7116.jpg 2048w, https:\/\/www.siobungee.hu\/wp-content\/uploads\/2024\/11\/IMG_7116-300x200.jpg 300w, https:\/\/www.siobungee.hu\/wp-content\/uploads\/2024\/11\/IMG_7116-1024x683.jpg 1024w, https:\/\/www.siobungee.hu\/wp-content\/uploads\/2024\/11\/IMG_7116-768x512.jpg 768w, https:\/\/www.siobungee.hu\/wp-content\/uploads\/2024\/11\/IMG_7116-1536x1024.jpg 1536w\" sizes=\"auto, (max-width: 2048px) 100vw, 2048px\" \/><\/figure>\n\n\n\n<figure class=\"wp-block-image size-full\"><img loading=\"lazy\" decoding=\"async\" width=\"2048\" height=\"1365\" src=\"https:\/\/www.siobungee.hu\/wp-content\/uploads\/2024\/11\/IMG_7119.jpg\" alt=\"\" class=\"wp-image-127\" style=\"aspect-ratio:1;object-fit:cover\" srcset=\"https:\/\/www.siobungee.hu\/wp-content\/uploads\/2024\/11\/IMG_7119.jpg 2048w, https:\/\/www.siobungee.hu\/wp-content\/uploads\/2024\/11\/IMG_7119-300x200.jpg 300w, https:\/\/www.siobungee.hu\/wp-content\/uploads\/2024\/11\/IMG_7119-1024x683.jpg 1024w, https:\/\/www.siobungee.hu\/wp-content\/uploads\/2024\/11\/IMG_7119-768x512.jpg 768w, https:\/\/www.siobungee.hu\/wp-content\/uploads\/2024\/11\/IMG_7119-1536x1024.jpg 1536w\" sizes=\"auto, (max-width: 2048px) 100vw, 2048px\" \/><\/figure>\n\n\n\n<figure class=\"wp-block-image size-full\"><img loading=\"lazy\" decoding=\"async\" width=\"1363\" height=\"2048\" src=\"https:\/\/www.siobungee.hu\/wp-content\/uploads\/2024\/11\/DSC01328.jpg\" alt=\"\" class=\"wp-image-64\" style=\"aspect-ratio:1;object-fit:cover\" srcset=\"https:\/\/www.siobungee.hu\/wp-content\/uploads\/2024\/11\/DSC01328.jpg 1363w, https:\/\/www.siobungee.hu\/wp-content\/uploads\/2024\/11\/DSC01328-200x300.jpg 200w, https:\/\/www.siobungee.hu\/wp-content\/uploads\/2024\/11\/DSC01328-682x1024.jpg 682w, https:\/\/www.siobungee.hu\/wp-content\/uploads\/2024\/11\/DSC01328-768x1154.jpg 768w, https:\/\/www.siobungee.hu\/wp-content\/uploads\/2024\/11\/DSC01328-1022x1536.jpg 1022w\" sizes=\"auto, (max-width: 1363px) 100vw, 1363px\" \/><\/figure>\n\n\n\n<figure class=\"wp-block-image size-full\"><img loading=\"lazy\" decoding=\"async\" width=\"2048\" height=\"1536\" src=\"https:\/\/www.siobungee.hu\/wp-content\/uploads\/2024\/11\/IMG_3205.jpg\" alt=\"\" class=\"wp-image-31\" style=\"aspect-ratio:1;object-fit:cover\" srcset=\"https:\/\/www.siobungee.hu\/wp-content\/uploads\/2024\/11\/IMG_3205.jpg 2048w, https:\/\/www.siobungee.hu\/wp-content\/uploads\/2024\/11\/IMG_3205-300x225.jpg 300w, https:\/\/www.siobungee.hu\/wp-content\/uploads\/2024\/11\/IMG_3205-1024x768.jpg 1024w, https:\/\/www.siobungee.hu\/wp-content\/uploads\/2024\/11\/IMG_3205-768x576.jpg 768w, https:\/\/www.siobungee.hu\/wp-content\/uploads\/2024\/11\/IMG_3205-1536x1152.jpg 1536w\" sizes=\"auto, (max-width: 2048px) 100vw, 2048px\" \/><\/figure>\n<\/div>\n<\/div>\n","protected":false},"excerpt":{"rendered":"<p>#\u00c9lm\u00e9nyek Sz\u00e1munka a biztons\u00e1g \u00e9s gyerekek sz\u00f3rakoz\u00e1s az els\u0151. Z\u00e1rt t\u00e9rben Szalt\u00f3z\u00e1s k\u00f6zben Egy gyereknapon Tov\u00e1bbi k\u00e9pek<\/p>\n","protected":false},"author":1,"featured_media":0,"parent":0,"menu_order":0,"comment_status":"closed","ping_status":"closed","template":"","meta":{"footnotes":""},"class_list":["post-53","page","type-page","status-publish","hentry"],"_links":{"self":[{"href":"https:\/\/www.siobungee.hu\/index.php?rest_route=\/wp\/v2\/pages\/53","targetHints":{"allow":["GET"]}}],"collection":[{"href":"https:\/\/www.siobungee.hu\/index.php?rest_route=\/wp\/v2\/pages"}],"about":[{"href":"https:\/\/www.siobungee.hu\/index.php?rest_route=\/wp\/v2\/types\/page"}],"author":[{"embeddable":true,"href":"https:\/\/www.siobungee.hu\/index.php?rest_route=\/wp\/v2\/users\/1"}],"replies":[{"embeddable":true,"href":"https:\/\/www.siobungee.hu\/index.php?rest_route=%2Fwp%2Fv2%2Fcomments&post=53"}],"version-history":[{"count":7,"href":"https:\/\/www.siobungee.hu\/index.php?rest_route=\/wp\/v2\/pages\/53\/revisions"}],"predecessor-version":[{"id":224,"href":"https:\/\/www.siobungee.hu\/index.php?rest_route=\/wp\/v2\/pages\/53\/revisions\/224"}],"wp:attachment":[{"href":"https:\/\/www.siobungee.hu\/index.php?rest_route=%2Fwp%2Fv2%2Fmedia&parent=53"}],"curies":[{"name":"wp","href":"https:\/\/api.w.org\/{rel}","templated":true}]}}